{"id":145,"date":"2024-11-28T09:11:03","date_gmt":"2024-11-28T09:11:03","guid":{"rendered":"https:\/\/geosfasplus.com\/?post_type=product&#038;p=145"},"modified":"2024-11-28T09:11:03","modified_gmt":"2024-11-28T09:11:03","slug":"cocodrilos-de-colores","status":"publish","type":"product","link":"https:\/\/geosfasplus.com\/?product=cocodrilos-de-colores","title":{"rendered":"cocodrilos de colores"},"content":{"rendered":"<p>Clips De Cocodrilo Premium El\u00e9ctricos, 5 Colores Cables De Prueba Con Pinzas De Cocodrilo, Cable De Prueba Con Pinzas De Cocodrilo Para Pruebas El\u00e9ctricas, Conexi\u00f3n De Circuitos, Experimentos Electr\u00f3nicos<img loading=\"lazy\" decoding=\"async\" src=\"https:\/\/geosfasplus.com\/wp-content\/uploads\/2024\/11\/cocodrilosdecolores-217x300.jpg\" alt=\"\" width=\"217\" height=\"300\" class=\"alignnone size-medium wp-image-146\" srcset=\"https:\/\/geosfasplus.com\/wp-content\/uploads\/2024\/11\/cocodrilosdecolores-217x300.jpg 217w, https:\/\/geosfasplus.com\/wp-content\/uploads\/2024\/11\/cocodrilosdecolores.jpg 462w\" sizes=\"auto, (max-width: 217px) 100vw, 217px\" \/><\/p>\n","protected":false},"excerpt":{"rendered":"<p>Clips De Cocodrilo Premium El\u00e9ctricos, 5 Colores Cables De Prueba Con Pinzas De Cocodrilo, Cable De Prueba Con Pinzas De Cocodrilo Para Pruebas El\u00e9ctricas, Conexi\u00f3n De Circuitos, Experimentos Electr\u00f3nicos<img loading=\"lazy\" decoding=\"async\" src=\"https:\/\/geosfasplus.com\/wp-content\/uploads\/2024\/11\/cocodrilosdecolores-217x300.jpg\" alt=\"\" width=\"217\" height=\"300\" class=\"alignnone size-medium wp-image-146\" srcset=\"https:\/\/geosfasplus.com\/wp-content\/uploads\/2024\/11\/cocodrilosdecolores-217x300.jpg 217w, https:\/\/geosfasplus.com\/wp-content\/uploads\/2024\/11\/cocodrilosdecolores.jpg 462w\" sizes=\"auto, (max-width: 217px) 100vw, 217px\" \/><\/p>\n","protected":false},"featured_media":146,"comment_status":"open","ping_status":"closed","template":"","meta":[],"product_brand":[],"product_cat":[28],"product_tag":[],"class_list":{"0":"post-145","1":"product","2":"type-product","3":"status-publish","4":"has-post-thumbnail","6":"product_cat-iot","8":"first","9":"instock","10":"taxable","11":"shipping-taxable","12":"purchasable","13":"product-type-simple"},"jetpack_sharing_enabled":true,"_links":{"self":[{"href":"https:\/\/geosfasplus.com\/index.php?rest_route=\/wp\/v2\/product\/145","targetHints":{"allow":["GET"]}}],"collection":[{"href":"https:\/\/geosfasplus.com\/index.php?rest_route=\/wp\/v2\/product"}],"about":[{"href":"https:\/\/geosfasplus.com\/index.php?rest_route=\/wp\/v2\/types\/product"}],"replies":[{"embeddable":true,"href":"https:\/\/geosfasplus.com\/index.php?rest_route=%2Fwp%2Fv2%2Fcomments&post=145"}],"wp:featuredmedia":[{"embeddable":true,"href":"https:\/\/geosfasplus.com\/index.php?rest_route=\/wp\/v2\/media\/146"}],"wp:attachment":[{"href":"https:\/\/geosfasplus.com\/index.php?rest_route=%2Fwp%2Fv2%2Fmedia&parent=145"}],"wp:term":[{"taxonomy":"product_brand","embeddable":true,"href":"https:\/\/geosfasplus.com\/index.php?rest_route=%2Fwp%2Fv2%2Fproduct_brand&post=145"},{"taxonomy":"product_cat","embeddable":true,"href":"https:\/\/geosfasplus.com\/index.php?rest_route=%2Fwp%2Fv2%2Fproduct_cat&post=145"},{"taxonomy":"product_tag","embeddable":true,"href":"https:\/\/geosfasplus.com\/index.php?rest_route=%2Fwp%2Fv2%2Fproduct_tag&post=145"}],"curies":[{"name":"wp","href":"https:\/\/api.w.org\/{rel}","templated":true}]}}