{"id":138,"date":"2024-11-28T08:44:06","date_gmt":"2024-11-28T08:44:06","guid":{"rendered":"https:\/\/geosfasplus.com\/?post_type=product&#038;p=138"},"modified":"2024-11-28T08:44:07","modified_gmt":"2024-11-28T08:44:07","slug":"caja-de-bateria-de-una-celda-37-v-18650-soporte-de-bateria","status":"publish","type":"product","link":"https:\/\/geosfasplus.com\/?product=caja-de-bateria-de-una-celda-37-v-18650-soporte-de-bateria","title":{"rendered":"caja de bater\u00eda de una celda 3,7 V 18650, soporte de bater\u00eda"},"content":{"rendered":"<p> caja de bater\u00eda de una celda 3,7 V 18650, soporte de bater\u00eda, ideal para almacenamiento<img loading=\"lazy\" decoding=\"async\" src=\"https:\/\/geosfasplus.com\/wp-content\/uploads\/2024\/11\/cajabateria18650-269x300.jpg\" alt=\"\" width=\"269\" height=\"300\" class=\"alignnone size-medium wp-image-139\" srcset=\"https:\/\/geosfasplus.com\/wp-content\/uploads\/2024\/11\/cajabateria18650-269x300.jpg 269w, https:\/\/geosfasplus.com\/wp-content\/uploads\/2024\/11\/cajabateria18650.jpg 355w\" sizes=\"auto, (max-width: 269px) 100vw, 269px\" \/><\/p>\n","protected":false},"excerpt":{"rendered":"<p> caja de bater\u00eda de una celda 3,7 V 18650, soporte de bater\u00eda, ideal para almacenamiento<img loading=\"lazy\" decoding=\"async\" src=\"https:\/\/geosfasplus.com\/wp-content\/uploads\/2024\/11\/cajabateria18650-269x300.jpg\" alt=\"\" width=\"269\" height=\"300\" class=\"alignnone size-medium wp-image-139\" srcset=\"https:\/\/geosfasplus.com\/wp-content\/uploads\/2024\/11\/cajabateria18650-269x300.jpg 269w, https:\/\/geosfasplus.com\/wp-content\/uploads\/2024\/11\/cajabateria18650.jpg 355w\" sizes=\"auto, (max-width: 269px) 100vw, 269px\" \/><\/p>\n","protected":false},"featured_media":139,"comment_status":"open","ping_status":"closed","template":"","meta":[],"product_brand":[],"product_cat":[28],"product_tag":[],"class_list":{"0":"post-138","1":"product","2":"type-product","3":"status-publish","4":"has-post-thumbnail","6":"product_cat-iot","8":"first","9":"instock","10":"taxable","11":"shipping-taxable","12":"purchasable","13":"product-type-simple"},"jetpack_sharing_enabled":true,"_links":{"self":[{"href":"https:\/\/geosfasplus.com\/index.php?rest_route=\/wp\/v2\/product\/138","targetHints":{"allow":["GET"]}}],"collection":[{"href":"https:\/\/geosfasplus.com\/index.php?rest_route=\/wp\/v2\/product"}],"about":[{"href":"https:\/\/geosfasplus.com\/index.php?rest_route=\/wp\/v2\/types\/product"}],"replies":[{"embeddable":true,"href":"https:\/\/geosfasplus.com\/index.php?rest_route=%2Fwp%2Fv2%2Fcomments&post=138"}],"wp:featuredmedia":[{"embeddable":true,"href":"https:\/\/geosfasplus.com\/index.php?rest_route=\/wp\/v2\/media\/139"}],"wp:attachment":[{"href":"https:\/\/geosfasplus.com\/index.php?rest_route=%2Fwp%2Fv2%2Fmedia&parent=138"}],"wp:term":[{"taxonomy":"product_brand","embeddable":true,"href":"https:\/\/geosfasplus.com\/index.php?rest_route=%2Fwp%2Fv2%2Fproduct_brand&post=138"},{"taxonomy":"product_cat","embeddable":true,"href":"https:\/\/geosfasplus.com\/index.php?rest_route=%2Fwp%2Fv2%2Fproduct_cat&post=138"},{"taxonomy":"product_tag","embeddable":true,"href":"https:\/\/geosfasplus.com\/index.php?rest_route=%2Fwp%2Fv2%2Fproduct_tag&post=138"}],"curies":[{"name":"wp","href":"https:\/\/api.w.org\/{rel}","templated":true}]}}