{"id":100,"date":"2024-11-09T20:22:05","date_gmt":"2024-11-09T20:22:05","guid":{"rendered":"https:\/\/geosfasplus.com\/?post_type=product&#038;p=100"},"modified":"2024-11-09T20:26:58","modified_gmt":"2024-11-09T20:26:58","slug":"curso-de-analisis-visualizacion-y-procesamiento-de-informacion-geografica","status":"publish","type":"product","link":"https:\/\/geosfasplus.com\/?product=curso-de-analisis-visualizacion-y-procesamiento-de-informacion-geografica","title":{"rendered":"Curso de An\u00e1lisis Visualizaci\u00f3n y Procesamiento de Informaci\u00f3n Geogr\u00e1fica"},"content":{"rendered":"<p>En el curso se aplicar\u00e1n los sistemas de informaci\u00f3n geogr\u00e1fica para el an\u00e1lisis, visualizaci\u00f3n y procesamiento de informaci\u00f3n geogr\u00e1fica. Se estudiar\u00e1n los principales formatos de datos que utilizan los sistemas de informaci\u00f3n geogr\u00e1fica, se crear\u00e1 cartograf\u00eda digital y se aplicar\u00e1n los principales geoprocesos y m\u00e9todos para el an\u00e1lisis, la visualizaci\u00f3n y procesamiento de dato espaciales. Se utilizar\u00e1n servidores de mapas y accesos a bases de datos espaciales y servicios web geoespaciales. Se utilizar\u00e1n esencialmente herramientas libres y de c\u00f3digo abierto. El curso es de prop\u00f3sito general por lo que est\u00e1 dirigido a especialistas de la inform\u00e1tica y de otras \u00e1reas que requieran la generaci\u00f3n la manipulaci\u00f3n y el an\u00e1lisis de datos espaciales.<\/p>\n","protected":false},"excerpt":{"rendered":"<p>En el curso se aplicar\u00e1n los sistemas de informaci\u00f3n geogr\u00e1fica para el an\u00e1lisis, visualizaci\u00f3n y procesamiento de informaci\u00f3n geogr\u00e1fica. Se estudiar\u00e1n los principales formatos de datos que utilizan los sistemas de informaci\u00f3n geogr\u00e1fica, se crear\u00e1 cartograf\u00eda digital y se aplicar\u00e1n los principales geoprocesos y m\u00e9todos para el an\u00e1lisis, la visualizaci\u00f3n y procesamiento de dato espaciales. Se utilizar\u00e1n servidores de mapas y accesos a bases de datos espaciales y servicios web geoespaciales. Se utilizar\u00e1n esencialmente herramientas libres y de c\u00f3digo abierto. El curso es de prop\u00f3sito general por lo que est\u00e1 dirigido a especialistas de la inform\u00e1tica y de otras \u00e1reas que requieran la generaci\u00f3n la manipulaci\u00f3n y el an\u00e1lisis de datos espaciales.<\/p>\n","protected":false},"featured_media":0,"comment_status":"open","ping_status":"closed","template":"","meta":[],"product_brand":[],"product_cat":[24],"product_tag":[26,27],"class_list":{"0":"post-100","1":"product","2":"type-product","3":"status-publish","5":"product_cat-sin-categorizar","6":"product_tag-curso","7":"product_tag-gis","9":"first","10":"instock","11":"downloadable","12":"virtual","13":"taxable","14":"purchasable","15":"product-type-simple"},"jetpack_sharing_enabled":true,"_links":{"self":[{"href":"https:\/\/geosfasplus.com\/index.php?rest_route=\/wp\/v2\/product\/100","targetHints":{"allow":["GET"]}}],"collection":[{"href":"https:\/\/geosfasplus.com\/index.php?rest_route=\/wp\/v2\/product"}],"about":[{"href":"https:\/\/geosfasplus.com\/index.php?rest_route=\/wp\/v2\/types\/product"}],"replies":[{"embeddable":true,"href":"https:\/\/geosfasplus.com\/index.php?rest_route=%2Fwp%2Fv2%2Fcomments&post=100"}],"wp:attachment":[{"href":"https:\/\/geosfasplus.com\/index.php?rest_route=%2Fwp%2Fv2%2Fmedia&parent=100"}],"wp:term":[{"taxonomy":"product_brand","embeddable":true,"href":"https:\/\/geosfasplus.com\/index.php?rest_route=%2Fwp%2Fv2%2Fproduct_brand&post=100"},{"taxonomy":"product_cat","embeddable":true,"href":"https:\/\/geosfasplus.com\/index.php?rest_route=%2Fwp%2Fv2%2Fproduct_cat&post=100"},{"taxonomy":"product_tag","embeddable":true,"href":"https:\/\/geosfasplus.com\/index.php?rest_route=%2Fwp%2Fv2%2Fproduct_tag&post=100"}],"curies":[{"name":"wp","href":"https:\/\/api.w.org\/{rel}","templated":true}]}}