{"id":26,"date":"2024-07-18T10:22:13","date_gmt":"2024-07-18T10:22:13","guid":{"rendered":"https:\/\/geosfasplus.com\/?page_id=26"},"modified":"2024-11-25T11:50:59","modified_gmt":"2024-11-25T11:50:59","slug":"nuestro-equipo","status":"publish","type":"page","link":"https:\/\/geosfasplus.com\/?page_id=26","title":{"rendered":"Nuestro equipo"},"content":{"rendered":"\n<div class=\"wp-block-group alignfull has-global-padding is-layout-constrained wp-container-core-group-is-layout-490fa1db wp-block-group-is-layout-constrained\" style=\"padding-top:var(--wp--preset--spacing--50);padding-right:var(--wp--preset--spacing--50);padding-bottom:var(--wp--preset--spacing--50);padding-left:var(--wp--preset--spacing--50)\">\n<div class=\"wp-block-group has-global-padding is-layout-constrained wp-container-core-group-is-layout-650790e1 wp-block-group-is-layout-constrained\"><\/div>\n\n\n\n<div style=\"height:var(--wp--preset--spacing--30)\" aria-hidden=\"true\" class=\"wp-block-spacer\"><\/div>\n\n\n\n<figure class=\"wp-block-image alignwide size-full is-style-rounded is-style-rounded--1\"><img loading=\"lazy\" decoding=\"async\" width=\"1792\" height=\"1024\" src=\"https:\/\/geosfasplus.com\/wp-content\/uploads\/2024\/07\/Designer-2-1.jpeg\" alt=\"\" class=\"wp-image-114\" srcset=\"https:\/\/geosfasplus.com\/wp-content\/uploads\/2024\/07\/Designer-2-1.jpeg 1792w, https:\/\/geosfasplus.com\/wp-content\/uploads\/2024\/07\/Designer-2-1-300x171.jpeg 300w, https:\/\/geosfasplus.com\/wp-content\/uploads\/2024\/07\/Designer-2-1-1024x585.jpeg 1024w, https:\/\/geosfasplus.com\/wp-content\/uploads\/2024\/07\/Designer-2-1-768x439.jpeg 768w, https:\/\/geosfasplus.com\/wp-content\/uploads\/2024\/07\/Designer-2-1-1536x878.jpeg 1536w, https:\/\/geosfasplus.com\/wp-content\/uploads\/2024\/07\/Designer-2-1-1320x754.jpeg 1320w, https:\/\/geosfasplus.com\/wp-content\/uploads\/2024\/07\/Designer-2-1-600x343.jpeg 600w\" sizes=\"auto, (max-width: 1792px) 100vw, 1792px\" \/><\/figure>\n<\/div>\n\n\n\n<p>GEOSFAS+ cuenta con un equipo compuesto por un grupo altamente capacitado y diverso de profesionales y estudiantes de las carreras de <strong>Ciencias de la Computaci\u00f3n<\/strong> e <strong>Ingenier\u00eda Inform\u00e1tica<\/strong>. Contamos con un enfoque multidisciplinario y un alto nivel acad\u00e9mico, lo que nos permite afrontar desaf\u00edos complejos con soluciones innovadoras y de calidad.<\/p>\n\n\n\n<p>Cada miembro de nuestro equipo aporta su experiencia y conocimiento en \u00e1reas clave como el desarrollo de software, la programaci\u00f3n, el dise\u00f1o web, el an\u00e1lisis de datos, el dise\u00f1o de sistemas, consultor\u00eda en Sistemas de Informaci\u00f3n Geogr\u00e1fica, entre otros. Estamos comprometidos con la excelencia y la constante actualizaci\u00f3n en un sector en constante evoluci\u00f3n, lo que nos permite ofrecer resultados vanguardistas y soluciones adaptadas a las necesidades de nuestros clientes.<\/p>\n\n\n\n<p><strong>Nuestros valores fundamentales<\/strong> son la colaboraci\u00f3n, la creatividad, la \u00e9tica profesional y el aprendizaje continuo. La combinaci\u00f3n de la experiencia de nuestros profesionales con la energ\u00eda y las ideas frescas de nuestros estudiantes nos permite mantenernos a la vanguardia de la innovaci\u00f3n tecnol\u00f3gica.<\/p>\n\n\n\n<p>Si est\u00e1s buscando un equipo comprometido, apasionado por la tecnolog\u00eda y con un fuerte sentido de responsabilidad, cuenta con GEOSFAS+ como el socio ideal para llevar tus proyectos al siguiente nivel.<\/p>\n\n\n\n<div class=\"wp-block-group alignfull has-global-padding is-layout-constrained wp-container-core-group-is-layout-d89aad35 wp-block-group-is-layout-constrained\" style=\"margin-top:0;margin-bottom:0;padding-top:var(--wp--preset--spacing--50);padding-right:var(--wp--preset--spacing--50);padding-bottom:var(--wp--preset--spacing--50);padding-left:var(--wp--preset--spacing--50)\">\n<div class=\"wp-block-group alignwide has-global-padding is-layout-constrained wp-container-core-group-is-layout-19e250f3 wp-block-group-is-layout-constrained\">\n<div style=\"height:var(--wp--preset--spacing--40)\" aria-hidden=\"true\" class=\"wp-block-spacer\"><\/div>\n\n\n\n<div class=\"wp-block-columns alignwide is-layout-flex wp-container-core-columns-is-layout-d1c656ed wp-block-columns-is-layout-flex\">\n<div class=\"wp-block-column is-layout-flow wp-block-column-is-layout-flow\" style=\"flex-basis:50%\">\n<figure class=\"wp-block-image size-large is-style-rounded is-style-rounded--2\"><img loading=\"lazy\" decoding=\"async\" width=\"1024\" height=\"585\" src=\"https:\/\/geosfasplus.com\/wp-content\/uploads\/2024\/11\/Designer-4-1024x585.jpeg\" alt=\"\" class=\"wp-image-128\" srcset=\"https:\/\/geosfasplus.com\/wp-content\/uploads\/2024\/11\/Designer-4-1024x585.jpeg 1024w, https:\/\/geosfasplus.com\/wp-content\/uploads\/2024\/11\/Designer-4-300x171.jpeg 300w, https:\/\/geosfasplus.com\/wp-content\/uploads\/2024\/11\/Designer-4-768x439.jpeg 768w, https:\/\/geosfasplus.com\/wp-content\/uploads\/2024\/11\/Designer-4-1536x878.jpeg 1536w, https:\/\/geosfasplus.com\/wp-content\/uploads\/2024\/11\/Designer-4-1320x754.jpeg 1320w, https:\/\/geosfasplus.com\/wp-content\/uploads\/2024\/11\/Designer-4-600x343.jpeg 600w, https:\/\/geosfasplus.com\/wp-content\/uploads\/2024\/11\/Designer-4.jpeg 1792w\" sizes=\"auto, (max-width: 1024px) 100vw, 1024px\" \/><\/figure>\n<\/div>\n<\/div>\n<\/div>\n<\/div>\n\n\n\n<div class=\"wp-block-group alignfull has-base-color has-contrast-background-color has-text-color has-background has-global-padding is-layout-constrained wp-container-core-group-is-layout-ef3d885c wp-block-group-is-layout-constrained\" style=\"margin-top:0;margin-bottom:0;padding-top:var(--wp--preset--spacing--60);padding-right:var(--wp--preset--spacing--60);padding-bottom:var(--wp--preset--spacing--60);padding-left:var(--wp--preset--spacing--60)\">\n<div class=\"wp-block-group has-global-padding is-layout-constrained wp-block-group-is-layout-constrained\">\n<p class=\"has-text-align-center has-base-color has-text-color has-heading-font-family has-x-large-font-size\" style=\"line-height:1.2\"><em><em>\u00abGEOSFAS+ nos ha ahorrado miles de horas de trabajo y ha desbloqueado perspectivas que nunca cre\u00edmos posibles\u00bb.<\/em><\/em><\/p>\n\n\n\n<div style=\"height:var(--wp--preset--spacing--10)\" aria-hidden=\"true\" class=\"wp-block-spacer\"><\/div>\n\n\n\n<div class=\"wp-block-group is-vertical is-content-justification-center is-nowrap is-layout-flex wp-container-core-group-is-layout-2dc08cea wp-block-group-is-layout-flex\">\n<figure class=\"wp-block-image size-thumbnail\"><img loading=\"lazy\" decoding=\"async\" width=\"150\" height=\"150\" src=\"https:\/\/geosfasplus.com\/wp-content\/uploads\/2024\/07\/logo_geosfasplus-150x150.jpg\" alt=\"\" class=\"wp-image-7\" style=\"object-fit:cover\" srcset=\"https:\/\/geosfasplus.com\/wp-content\/uploads\/2024\/07\/logo_geosfasplus-150x150.jpg 150w, https:\/\/geosfasplus.com\/wp-content\/uploads\/2024\/07\/logo_geosfasplus-300x300.jpg 300w, https:\/\/geosfasplus.com\/wp-content\/uploads\/2024\/07\/logo_geosfasplus-100x100.jpg 100w, https:\/\/geosfasplus.com\/wp-content\/uploads\/2024\/07\/logo_geosfasplus.jpg 500w\" sizes=\"auto, (max-width: 150px) 100vw, 150px\" \/><\/figure>\n\n\n\n<p class=\"has-text-align-center\" style=\"margin-top:var(--wp--preset--spacing--10);margin-bottom:0\">Romel V\u00e1zquez Rodr\u00edguez<\/p>\n\n\n\n<p class=\"has-text-align-center has-contrast-3-color has-text-color has-small-font-size\" style=\"font-style:normal;font-weight:300\">Director General, GEOSFAS+<\/p>\n<\/div>\n<\/div>\n<\/div>\n\n\n\n<div class=\"wp-block-group alignfull has-global-padding is-layout-constrained wp-container-core-group-is-layout-d89aad35 wp-block-group-is-layout-constrained\" style=\"margin-top:0;margin-bottom:0;padding-top:var(--wp--preset--spacing--50);padding-right:var(--wp--preset--spacing--50);padding-bottom:var(--wp--preset--spacing--50);padding-left:var(--wp--preset--spacing--50)\">\n<h2 class=\"wp-block-heading alignwide has-x-large-font-size\" style=\"margin-top:0;margin-bottom:var(--wp--preset--spacing--40);line-height:1\">Mira, lee, escucha<\/h2>\n\n\n\n<div class=\"wp-block-group alignwide has-global-padding is-layout-constrained wp-block-group-is-layout-constrained\">\n<div class=\"wp-block-query alignwide is-layout-flow wp-block-query-is-layout-flow\"><ul class=\"wp-block-post-template is-layout-flow wp-block-post-template-is-layout-flow\"><li class=\"wp-block-post post-34 post type-post status-publish format-standard hentry category-geomatica\">\n\n<hr class=\"wp-block-separator has-text-color has-contrast-3-color has-alpha-channel-opacity has-contrast-3-background-color has-background alignwide is-style-wide\"\/>\n\n\n\n<div class=\"wp-block-columns alignwide are-vertically-aligned-center is-layout-flex wp-container-core-columns-is-layout-33233fb6 wp-block-columns-is-layout-flex\" style=\"margin-top:var(--wp--preset--spacing--20);margin-bottom:var(--wp--preset--spacing--20)\">\n<div class=\"wp-block-column is-vertically-aligned-center is-layout-flow wp-block-column-is-layout-flow\" style=\"flex-basis:72%\"><h2 style=\"font-size:clamp(0.984rem, 0.984rem + ((1vw - 0.2rem) * 0.86), 1.5rem);line-height:1.1;\" class=\"wp-block-post-title\"><a href=\"https:\/\/geosfasplus.com\/?p=34\" target=\"_self\" >Probando<\/a><\/h2><\/div>\n\n\n\n<div class=\"wp-block-column is-vertically-aligned-center is-layout-flow wp-block-column-is-layout-flow\" style=\"flex-basis:28%\"><div class=\"wp-block-template-part\">\n\n<div class=\"wp-block-group has-global-padding is-layout-constrained wp-block-group-is-layout-constrained\">\n\t\n\t<div class=\"wp-block-group is-content-justification-left is-layout-flex wp-container-core-group-is-layout-dfe8e91f wp-block-group-is-layout-flex\">\n\t\t<div class=\"wp-block-post-date\"><time datetime=\"2024-07-18T10:57:08+00:00\"><a href=\"https:\/\/geosfasplus.com\/?p=34\">Jul 18, 2024<\/a><\/time><\/div>\n\n\t\t\n\t\t<p class=\"has-contrast-2-color has-text-color\">\u2014<\/p>\n\t\t\n\n\t\t\n\t\t<p class=\"has-small-font-size has-contrast-2-color has-text-color\">por<\/p>\n\t\t\n\n\t\t<div class=\"wp-block-post-author-name\"><a href=\"https:\/\/geosfasplus.com\/?author=1\" target=\"_self\" class=\"wp-block-post-author-name__link\">admin<\/a><\/div>\n\n\t\t<div class=\"taxonomy-category wp-block-post-terms\"><span class=\"wp-block-post-terms__prefix\">en <\/span><a href=\"https:\/\/geosfasplus.com\/?cat=7\" rel=\"tag\">Geom\u00e1tica y consultor\u00eda GIS<\/a><\/div>\n\n\t<\/div>\n\t\n<\/div>\n\n\n<\/div><\/div>\n<\/div>\n\n<\/li><li class=\"wp-block-post post-1 post type-post status-publish format-standard hentry category-uncategorized\">\n\n<hr class=\"wp-block-separator has-text-color has-contrast-3-color has-alpha-channel-opacity has-contrast-3-background-color has-background alignwide is-style-wide\"\/>\n\n\n\n<div class=\"wp-block-columns alignwide are-vertically-aligned-center is-layout-flex wp-container-core-columns-is-layout-33233fb6 wp-block-columns-is-layout-flex\" style=\"margin-top:var(--wp--preset--spacing--20);margin-bottom:var(--wp--preset--spacing--20)\">\n<div class=\"wp-block-column is-vertically-aligned-center is-layout-flow wp-block-column-is-layout-flow\" style=\"flex-basis:72%\"><h2 style=\"font-size:clamp(0.984rem, 0.984rem + ((1vw - 0.2rem) * 0.86), 1.5rem);line-height:1.1;\" class=\"wp-block-post-title\"><a href=\"https:\/\/geosfasplus.com\/?p=1\" target=\"_self\" >p\u00e1gina de entrada!<\/a><\/h2><\/div>\n\n\n\n<div class=\"wp-block-column is-vertically-aligned-center is-layout-flow wp-block-column-is-layout-flow\" style=\"flex-basis:28%\"><div class=\"wp-block-template-part\">\n\n<div class=\"wp-block-group has-global-padding is-layout-constrained wp-block-group-is-layout-constrained\">\n\t\n\t<div class=\"wp-block-group is-content-justification-left is-layout-flex wp-container-core-group-is-layout-dfe8e91f wp-block-group-is-layout-flex\">\n\t\t<div class=\"wp-block-post-date\"><time datetime=\"2016-05-10T03:48:21+00:00\"><a href=\"https:\/\/geosfasplus.com\/?p=1\">May 10, 2016<\/a><\/time><\/div>\n\n\t\t\n\t\t<p class=\"has-contrast-2-color has-text-color\">\u2014<\/p>\n\t\t\n\n\t\t\n\t\t<p class=\"has-small-font-size has-contrast-2-color has-text-color\">por<\/p>\n\t\t\n\n\t\t<div class=\"wp-block-post-author-name\"><a href=\"https:\/\/geosfasplus.com\/?author=1\" target=\"_self\" class=\"wp-block-post-author-name__link\">admin<\/a><\/div>\n\n\t\t<div class=\"taxonomy-category wp-block-post-terms\"><span class=\"wp-block-post-terms__prefix\">en <\/span><a href=\"https:\/\/geosfasplus.com\/?cat=1\" rel=\"tag\">Uncategorized<\/a><\/div>\n\n\t<\/div>\n\t\n<\/div>\n\n\n<\/div><\/div>\n<\/div>\n\n<\/li><\/ul>\n\n\n<div style=\"height:var(--wp--preset--spacing--30)\" aria-hidden=\"true\" class=\"wp-block-spacer\"><\/div>\n\n\n\n\n<\/div>\n<\/div>\n<\/div>\n\n\n\n<div class=\"wp-block-group alignfull has-global-padding is-layout-constrained wp-container-core-group-is-layout-d89aad35 wp-block-group-is-layout-constrained\" style=\"margin-top:0;margin-bottom:0;padding-top:var(--wp--preset--spacing--50);padding-right:var(--wp--preset--spacing--50);padding-bottom:var(--wp--preset--spacing--50);padding-left:var(--wp--preset--spacing--50)\">\n<div class=\"wp-block-group alignwide has-base-2-background-color has-background has-global-padding is-layout-constrained wp-container-core-group-is-layout-39412042 wp-block-group-is-layout-constrained\" style=\"border-radius:16px;padding-top:var(--wp--preset--spacing--40);padding-right:var(--wp--preset--spacing--50);padding-bottom:var(--wp--preset--spacing--40);padding-left:var(--wp--preset--spacing--50)\">\n<div style=\"height:var(--wp--preset--spacing--10)\" aria-hidden=\"true\" class=\"wp-block-spacer\"><\/div>\n\n\n\n<h2 class=\"wp-block-heading has-text-align-center has-x-large-font-size\">\u00danete a m\u00e1s de 900 suscriptores<\/h2>\n\n\n\n<p class=\"has-text-align-center\">Mantente al d\u00eda de todo lo que necesitas saber.<\/p>\n\n\n\n<div class=\"wp-block-buttons is-content-justification-center is-layout-flex wp-container-core-buttons-is-layout-a89b3969 wp-block-buttons-is-layout-flex\">\n<div class=\"wp-block-button\"><a class=\"wp-block-button__link wp-element-button\">Registro<\/a><\/div>\n<\/div>\n\n\n\n<div style=\"height:var(--wp--preset--spacing--10)\" aria-hidden=\"true\" class=\"wp-block-spacer\"><\/div>\n<\/div>\n<\/div>\n","protected":false},"excerpt":{"rendered":"<p>GEOSFAS+ cuenta con un equipo compuesto por un grupo altamente capacitado y diverso de profesionales y estudiantes de las carreras de Ciencias de la Computaci\u00f3n e Ingenier\u00eda Inform\u00e1tica. Contamos con un enfoque multidisciplinario y un alto nivel acad\u00e9mico, lo que nos permite afrontar desaf\u00edos complejos con soluciones innovadoras y de calidad. Cada miembro de nuestro [&hellip;]<\/p>\n","protected":false},"author":1,"featured_media":0,"parent":0,"menu_order":0,"comment_status":"closed","ping_status":"closed","template":"","meta":{"footnotes":""},"class_list":["post-26","page","type-page","status-publish","hentry"],"jetpack_sharing_enabled":true,"_links":{"self":[{"href":"https:\/\/geosfasplus.com\/index.php?rest_route=\/wp\/v2\/pages\/26","targetHints":{"allow":["GET"]}}],"collection":[{"href":"https:\/\/geosfasplus.com\/index.php?rest_route=\/wp\/v2\/pages"}],"about":[{"href":"https:\/\/geosfasplus.com\/index.php?rest_route=\/wp\/v2\/types\/page"}],"author":[{"embeddable":true,"href":"https:\/\/geosfasplus.com\/index.php?rest_route=\/wp\/v2\/users\/1"}],"replies":[{"embeddable":true,"href":"https:\/\/geosfasplus.com\/index.php?rest_route=%2Fwp%2Fv2%2Fcomments&post=26"}],"version-history":[{"count":5,"href":"https:\/\/geosfasplus.com\/index.php?rest_route=\/wp\/v2\/pages\/26\/revisions"}],"predecessor-version":[{"id":133,"href":"https:\/\/geosfasplus.com\/index.php?rest_route=\/wp\/v2\/pages\/26\/revisions\/133"}],"wp:attachment":[{"href":"https:\/\/geosfasplus.com\/index.php?rest_route=%2Fwp%2Fv2%2Fmedia&parent=26"}],"curies":[{"name":"wp","href":"https:\/\/api.w.org\/{rel}","templated":true}]}}