{"id":23,"date":"2024-07-18T09:34:39","date_gmt":"2024-07-18T09:34:39","guid":{"rendered":"https:\/\/geosfasplus.com\/?page_id=23"},"modified":"2025-02-06T16:45:55","modified_gmt":"2025-02-06T16:45:55","slug":"sobre-nosotros","status":"publish","type":"page","link":"https:\/\/geosfasplus.com\/?page_id=23","title":{"rendered":"Sobre nosotros"},"content":{"rendered":"\n<div class=\"wp-block-group alignfull has-global-padding is-layout-constrained wp-container-core-group-is-layout-490fa1db wp-block-group-is-layout-constrained\" style=\"padding-top:var(--wp--preset--spacing--50);padding-right:var(--wp--preset--spacing--50);padding-bottom:var(--wp--preset--spacing--50);padding-left:var(--wp--preset--spacing--50)\">\n<figure class=\"wp-block-image size-large is-style-rounded is-style-rounded--1\"><img loading=\"lazy\" decoding=\"async\" width=\"1024\" height=\"585\" src=\"https:\/\/geosfasplus.com\/wp-content\/uploads\/2024\/11\/Designer-5-1024x585.jpeg\" alt=\"\" class=\"wp-image-120\" srcset=\"https:\/\/geosfasplus.com\/wp-content\/uploads\/2024\/11\/Designer-5-1024x585.jpeg 1024w, https:\/\/geosfasplus.com\/wp-content\/uploads\/2024\/11\/Designer-5-300x171.jpeg 300w, https:\/\/geosfasplus.com\/wp-content\/uploads\/2024\/11\/Designer-5-768x439.jpeg 768w, https:\/\/geosfasplus.com\/wp-content\/uploads\/2024\/11\/Designer-5-1536x878.jpeg 1536w, https:\/\/geosfasplus.com\/wp-content\/uploads\/2024\/11\/Designer-5-1320x754.jpeg 1320w, https:\/\/geosfasplus.com\/wp-content\/uploads\/2024\/11\/Designer-5-600x343.jpeg 600w, https:\/\/geosfasplus.com\/wp-content\/uploads\/2024\/11\/Designer-5.jpeg 1792w\" sizes=\"auto, (max-width: 1024px) 100vw, 1024px\" \/><\/figure>\n\n\n\n<div class=\"wp-block-group has-global-padding is-layout-constrained wp-container-core-group-is-layout-650790e1 wp-block-group-is-layout-constrained\">\n<h1 class=\"wp-block-heading has-text-align-center has-x-large-font-size\">GEOSFAS+<\/h1>\n\n\n\n<p class=\"has-text-align-center\">Geospatial Open Source for All Solutions Plus.<\/p>\n\n\n\n<div style=\"height:1.25rem\" aria-hidden=\"true\" class=\"wp-block-spacer\"><\/div>\n\n\n\n<p class=\"has-text-align-center\">En GEOSFAS+ disponemos de un equipo de desarrollo de geoportales a la medida.&nbsp;<a href=\"https:\/\/en.wikipedia.org\/wiki\/Geoportal\" target=\"_blank\" rel=\"noreferrer noopener\">Los geoportales son portales web que permiten encontrar y acceder a informaci\u00f3n geogr\u00e1fica y servicios asociados a trav\u00e9s de Internet<\/a>.&nbsp;<a href=\"https:\/\/en.wikipedia.org\/wiki\/Geoportal\">Son importantes para el uso efectivo de los sistemas de informaci\u00f3n geogr\u00e1fica (SIG) y un elemento clave de una infraestructura de datos espaciales (IDE)<\/a>.<\/p>\n<\/div>\n\n\n\n<p><\/p>\n\n\n\n<div class=\"wp-block-group has-global-padding is-layout-constrained wp-container-core-group-is-layout-650790e1 wp-block-group-is-layout-constrained\">\n<p>Trabajamos todo con tecnolog\u00edas Open Source:<\/p>\n\n\n\n<ul class=\"wp-block-list\">\n<li>Vue+leaflet+geoserver+postGIS<\/li>\n\n\n\n<li>React+leaflet+geoserver+PostGIS<\/li>\n\n\n\n<li>Angular+leaflet+geoserver+PostGIS<\/li>\n\n\n\n<li>tambi\u00e9n en python con Geonode Django GeoDJango+ipyleaflet+geoserver+postGIS.<\/li>\n<\/ul>\n\n\n\n<p><\/p>\n\n\n\n<p><\/p>\n\n\n\n<p class=\"has-text-align-center\">Estas tecnolog\u00edas son muy utilizadas y reconocidas en el \u00e1mbito de los geoportales.&nbsp;<a href=\"https:\/\/en.wikipedia.org\/wiki\/Geoportal\">Vue, React y Angular son frameworks de JavaScript para crear interfaces de usuario interactivas<\/a>. Leaflet es una biblioteca de JavaScript para crear mapas interactivos. Geoserver es un servidor de mapas que permite publicar y compartir datos geoespaciales. PostGIS es una extensi\u00f3n de PostgreSQL que permite almacenar y manipular datos geogr\u00e1ficos. Python es un lenguaje de programaci\u00f3n vers\u00e1til y popular. Django y GeoDjango son frameworks de Python para crear aplicaciones web, siendo GeoDjango una extensi\u00f3n de Django para trabajar con datos geoespaciales. Ipyleaflet es una biblioteca de Python que permite crear mapas interactivos en Jupyter Notebook.<\/p>\n\n\n\n<p class=\"has-text-align-center\">Estas tecnolog\u00edas son muy utilizadas y reconocidas en el \u00e1mbito de los geoportales.&nbsp;<a href=\"https:\/\/en.wikipedia.org\/wiki\/Geoportal\">Vue, React y Angular son frameworks de JavaScript para crear interfaces de usuario interactivas<\/a>. Leaflet es una biblioteca de JavaScript para crear mapas interactivos. Geoserver es un servidor de mapas que permite publicar y compartir datos geoespaciales. PostGIS es una extensi\u00f3n de PostgreSQL que permite almacenar y manipular datos geogr\u00e1ficos. Python es un lenguaje de programaci\u00f3n vers\u00e1til y popular. Django y GeoDjango son frameworks de Python para crear aplicaciones web, siendo GeoDjango una extensi\u00f3n de Django para trabajar con datos geoespaciales. Ipyleaflet es una biblioteca de Python que permite crear mapas interactivos en Jupyter Notebook.<\/p>\n\n\n\n<p><\/p>\n\n\n\n<p><\/p>\n\n\n\n<p>Se ofertan tambi\u00e9n cursos a distancia de sistemas de informaci\u00f3n geogr\u00e1fica como:<\/p>\n\n\n\n<ul class=\"wp-block-list\">\n<li>gvSIG<\/li>\n\n\n\n<li>gvSIG batov\u00ed<\/li>\n\n\n\n<li>QGIS<\/li>\n\n\n\n<li>Servidores de mapas. Geoserver<\/li>\n\n\n\n<li>Bases de datos espaciales. PostGIS<\/li>\n<\/ul>\n\n\n\n<p>Se ofertan cursos de programaci\u00f3n para j\u00f3venes y ni\u00f1os con lenguajes gr\u00e1ficos como Scratch e Internet de las Cosas:<\/p>\n\n\n\n<ul class=\"wp-block-list\">\n<li>Scratch b\u00e1sico<\/li>\n\n\n\n<li>Scratch medio<\/li>\n\n\n\n<li>Scratch avanzado<\/li>\n\n\n\n<li>Introducci\u00f3n a la Internet de las cosas<\/li>\n\n\n\n<li>Programaci\u00f3n para Arduino con Scratch for Arduino (S4A)<\/li>\n<\/ul>\n\n\n\n<p>Estos cursos de programaci\u00f3n para j\u00f3venes y ni\u00f1os con lenguajes gr\u00e1ficos como Scratch e Internet de las Cosas son muy did\u00e1cticos para desarrollar el pensamiento computacional en j\u00f3venes. Estos cursos pueden ser muy beneficiosos para el desarrollo de habilidades como el pensamiento l\u00f3gico, la creatividad y la resoluci\u00f3n de problemas.<\/p>\n\n\n\n<p><a href=\"https:\/\/scratch.mit.edu\/\" target=\"_blank\" rel=\"noreferrer noopener\">Scratch es un lenguaje de programaci\u00f3n gratuito y una comunidad en l\u00ednea donde se pueden crear historias, juegos y animaciones interactivas<\/a>. Scratch es muy f\u00e1cil de usar y permite aprender conceptos b\u00e1sicos de programaci\u00f3n de forma divertida y visual.&nbsp;<a href=\"https:\/\/www.udemy.com\/course\/esp8266-01\/\" target=\"_blank\" rel=\"noreferrer noopener\">Scratch tambi\u00e9n se puede conectar con dispositivos f\u00edsicos como Arduino, que es una plataforma de hardware libre que permite crear proyectos electr\u00f3nicos interactivos<\/a>.<\/p>\n\n\n\n<p><a href=\"https:\/\/netcurso.net\/introduccion-a-internet-de-las-cosas-scratch-processing-y\" target=\"_blank\" rel=\"noreferrer noopener\">Internet de las Cosas (IoT, por sus siglas en ingl\u00e9s) es un sistema de dispositivos electr\u00f3nicos interconectados que pueden recopilar y transferir datos a trav\u00e9s de una red inal\u00e1mbrica sin intervenci\u00f3n humana<\/a>. IoT tiene muchas aplicaciones en diferentes \u00e1mbitos como la salud, la educaci\u00f3n, la seguridad, el transporte, el medio ambiente, etc.&nbsp;<a href=\"https:\/\/www.ibm.com\/mx-es\/topics\/internet-of-things\" target=\"_blank\" rel=\"noreferrer noopener\">Para aprender sobre IoT se pueden usar herramientas de hardware libre como Arduino, Sensores y Actuadores<\/a>.<\/p>\n\n\n\n<p><\/p>\n\n\n\n<p><\/p>\n\n\n\n<p>En estos cursos se estudiar\u00e1n los siguientes contenidos:<\/p>\n\n\n\n<p class=\"has-text-align-center\"><a href=\"https:\/\/www.kaspersky.es\/resource-center\/definitions\/what-is-iot\" target=\"_blank\" rel=\"noreferrer noopener\">Programaci\u00f3n para Arduino con Scratch for Arduino (S4A): En este curso se aprender\u00e1 a programar Arduino con Scratch, usando el software S4A, que es una modificaci\u00f3n de Scratch que permite controlar los pines digitales y anal\u00f3gicos de Arduino<\/a>.<\/p>\n\n\n\n<p><\/p>\n\n\n\n<p><\/p>\n\n\n\n<p>Scratch b\u00e1sico: En este curso se aprender\u00e1n los fundamentos de Scratch, como el uso de bloques, disfraces, sonidos, eventos, control, sensores, operadores, variables y listas.<\/p>\n\n\n\n<p>Scratch medio: En este curso se profundizar\u00e1 en el uso de Scratch, como el uso de clones, mensajes, procedimientos, recursi\u00f3n, listas anidadas y proyectos colaborativos.<\/p>\n\n\n\n<p>Scratch avanzado: En este curso se explorar\u00e1n las posibilidades avanzadas de Scratch, como el uso de extensiones, sensores externos, comunicaci\u00f3n con Arduino, creaci\u00f3n de videojuegos y animaciones complejas.<\/p>\n\n\n\n<p>Introducci\u00f3n a la Internet de las Cosas: En este curso se aprender\u00e1n los conceptos b\u00e1sicos de IoT, como el uso de protocolos, servicios, plataformas, sensores, actuadores y redes inal\u00e1mbricas.<\/p>\n\n\n\n<p>Estamos actualizados con los nuevos modelos de Inteligencia Artificial Generativa de c\u00f3digo abierto.<\/p>\n\n\n\n<div style=\"height:1.25rem\" aria-hidden=\"true\" class=\"wp-block-spacer\"><\/div>\n\n\n\n<div class=\"wp-block-buttons is-content-justification-center is-layout-flex wp-container-core-buttons-is-layout-a89b3969 wp-block-buttons-is-layout-flex\"><\/div>\n<\/div>\n\n\n\n<div style=\"height:var(--wp--preset--spacing--30)\" aria-hidden=\"true\" class=\"wp-block-spacer\"><\/div>\n<\/div>\n\n\n\n<div class=\"wp-block-group alignfull has-base-2-background-color has-background has-global-padding is-layout-constrained wp-container-core-group-is-layout-669513ed wp-block-group-is-layout-constrained\" style=\"margin-top:0;margin-bottom:0;padding-top:var(--wp--preset--spacing--50);padding-right:var(--wp--preset--spacing--50);padding-bottom:var(--wp--preset--spacing--50);padding-left:var(--wp--preset--spacing--50)\"><\/div>\n\n\n\n<div class=\"wp-block-group alignfull has-global-padding is-layout-constrained wp-container-core-group-is-layout-d89aad35 wp-block-group-is-layout-constrained\" style=\"margin-top:0;margin-bottom:0;padding-top:var(--wp--preset--spacing--50);padding-right:var(--wp--preset--spacing--50);padding-bottom:var(--wp--preset--spacing--50);padding-left:var(--wp--preset--spacing--50)\">\n<div class=\"wp-block-group alignwide has-global-padding is-layout-constrained wp-container-core-group-is-layout-19e250f3 wp-block-group-is-layout-constrained\"><\/div>\n<\/div>\n\n\n\n<div class=\"wp-block-group alignfull has-base-color has-contrast-background-color has-text-color has-background has-global-padding is-layout-constrained wp-container-core-group-is-layout-ef3d885c wp-block-group-is-layout-constrained\" style=\"margin-top:0;margin-bottom:0;padding-top:var(--wp--preset--spacing--60);padding-right:var(--wp--preset--spacing--60);padding-bottom:var(--wp--preset--spacing--60);padding-left:var(--wp--preset--spacing--60)\"><\/div>\n\n\n\n<p><\/p>\n","protected":false},"excerpt":{"rendered":"<p>GEOSFAS+ Geospatial Open Source for All Solutions Plus. En GEOSFAS+ disponemos de un equipo de desarrollo de geoportales a la medida.&nbsp;Los geoportales son portales web que permiten encontrar y acceder a informaci\u00f3n geogr\u00e1fica y servicios asociados a trav\u00e9s de Internet.&nbsp;Son importantes para el uso efectivo de los sistemas de informaci\u00f3n geogr\u00e1fica (SIG) y un elemento [&hellip;]<\/p>\n","protected":false},"author":1,"featured_media":0,"parent":0,"menu_order":0,"comment_status":"closed","ping_status":"closed","template":"","meta":{"footnotes":""},"class_list":["post-23","page","type-page","status-publish","hentry"],"jetpack_sharing_enabled":true,"_links":{"self":[{"href":"https:\/\/geosfasplus.com\/index.php?rest_route=\/wp\/v2\/pages\/23","targetHints":{"allow":["GET"]}}],"collection":[{"href":"https:\/\/geosfasplus.com\/index.php?rest_route=\/wp\/v2\/pages"}],"about":[{"href":"https:\/\/geosfasplus.com\/index.php?rest_route=\/wp\/v2\/types\/page"}],"author":[{"embeddable":true,"href":"https:\/\/geosfasplus.com\/index.php?rest_route=\/wp\/v2\/users\/1"}],"replies":[{"embeddable":true,"href":"https:\/\/geosfasplus.com\/index.php?rest_route=%2Fwp%2Fv2%2Fcomments&post=23"}],"version-history":[{"count":4,"href":"https:\/\/geosfasplus.com\/index.php?rest_route=\/wp\/v2\/pages\/23\/revisions"}],"predecessor-version":[{"id":151,"href":"https:\/\/geosfasplus.com\/index.php?rest_route=\/wp\/v2\/pages\/23\/revisions\/151"}],"wp:attachment":[{"href":"https:\/\/geosfasplus.com\/index.php?rest_route=%2Fwp%2Fv2%2Fmedia&parent=23"}],"curies":[{"name":"wp","href":"https:\/\/api.w.org\/{rel}","templated":true}]}}